{"id":680,"date":"2021-06-09T14:05:09","date_gmt":"2021-06-09T12:05:09","guid":{"rendered":"https:\/\/hese-tool.cz\/firmy\/?page_id=680"},"modified":"2026-04-23T17:26:03","modified_gmt":"2026-04-23T15:26:03","slug":"ferona-ceske-budejovice","status":"publish","type":"page","link":"https:\/\/hese-tool.cz\/firmy\/ferona-ceske-budejovice\/","title":{"rendered":"Ferona \u010cesk\u00e9 Bud\u011bjovice"},"content":{"rendered":"","protected":false},"excerpt":{"rendered":"","protected":false},"author":1,"featured_media":0,"parent":0,"menu_order":0,"comment_status":"closed","ping_status":"closed","template":"","meta":[],"_links":{"self":[{"href":"https:\/\/hese-tool.cz\/firmy\/wp-json\/wp\/v2\/pages\/680"}],"collection":[{"href":"https:\/\/hese-tool.cz\/firmy\/wp-json\/wp\/v2\/pages"}],"about":[{"href":"https:\/\/hese-tool.cz\/firmy\/wp-json\/wp\/v2\/types\/page"}],"author":[{"embeddable":true,"href":"https:\/\/hese-tool.cz\/firmy\/wp-json\/wp\/v2\/users\/1"}],"replies":[{"embeddable":true,"href":"https:\/\/hese-tool.cz\/firmy\/wp-json\/wp\/v2\/comments?post=680"}],"version-history":[{"count":51,"href":"https:\/\/hese-tool.cz\/firmy\/wp-json\/wp\/v2\/pages\/680\/revisions"}],"predecessor-version":[{"id":2732,"href":"https:\/\/hese-tool.cz\/firmy\/wp-json\/wp\/v2\/pages\/680\/revisions\/2732"}],"wp:attachment":[{"href":"https:\/\/hese-tool.cz\/firmy\/wp-json\/wp\/v2\/media?parent=680"}],"curies":[{"name":"wp","href":"https:\/\/api.w.org\/{rel}","templated":true}]}}