{"id":615,"date":"2020-09-03T08:20:45","date_gmt":"2020-09-03T06:20:45","guid":{"rendered":"https:\/\/hese-tool.cz\/firmy\/?page_id=615"},"modified":"2026-04-28T15:31:23","modified_gmt":"2026-04-28T13:31:23","slug":"schwarzmuller-zebrak","status":"publish","type":"page","link":"https:\/\/hese-tool.cz\/firmy\/schwarzmuller-zebrak\/","title":{"rendered":"SCHWARZM\u00dcLLER \u017debr\u00e1k"},"content":{"rendered":"","protected":false},"excerpt":{"rendered":"","protected":false},"author":1,"featured_media":0,"parent":0,"menu_order":0,"comment_status":"closed","ping_status":"closed","template":"","meta":[],"_links":{"self":[{"href":"https:\/\/hese-tool.cz\/firmy\/wp-json\/wp\/v2\/pages\/615"}],"collection":[{"href":"https:\/\/hese-tool.cz\/firmy\/wp-json\/wp\/v2\/pages"}],"about":[{"href":"https:\/\/hese-tool.cz\/firmy\/wp-json\/wp\/v2\/types\/page"}],"author":[{"embeddable":true,"href":"https:\/\/hese-tool.cz\/firmy\/wp-json\/wp\/v2\/users\/1"}],"replies":[{"embeddable":true,"href":"https:\/\/hese-tool.cz\/firmy\/wp-json\/wp\/v2\/comments?post=615"}],"version-history":[{"count":139,"href":"https:\/\/hese-tool.cz\/firmy\/wp-json\/wp\/v2\/pages\/615\/revisions"}],"predecessor-version":[{"id":2741,"href":"https:\/\/hese-tool.cz\/firmy\/wp-json\/wp\/v2\/pages\/615\/revisions\/2741"}],"wp:attachment":[{"href":"https:\/\/hese-tool.cz\/firmy\/wp-json\/wp\/v2\/media?parent=615"}],"curies":[{"name":"wp","href":"https:\/\/api.w.org\/{rel}","templated":true}]}}